{"id":458,"date":"2024-01-30T17:29:08","date_gmt":"2024-01-30T16:29:08","guid":{"rendered":"https:\/\/psbijouxaccessoires.fr\/?post_type=product&#038;p=458"},"modified":"2024-04-06T16:59:01","modified_gmt":"2024-04-06T14:59:01","slug":"bracelet-rolo-white-dore","status":"publish","type":"product","link":"https:\/\/psbijouxaccessoires.fr\/index.php\/produit\/bracelet-rolo-white-dore\/","title":{"rendered":"Bracelet Rolo White-Dor\u00e9"},"content":{"rendered":"<p>Cha\u00eene en acier inoxydable or ovale satellite \u00e9mail Rolo White. Breloque \u00e9tole, couronne, l&rsquo;\u0153il\u00a0 Taille 15cm, Cha\u00eenette extension 6cm.<\/p>\n","protected":false},"excerpt":{"rendered":"<p>Cha\u00eene en acier inoxydable or ovale satellite \u00e9mail Rolo White. Breloque \u00e9tole, couronne, l&rsquo;\u0153il\u00a0 Taille 15cm, Cha\u00eenette extension 6cm.<\/p>\n","protected":false},"featured_media":422,"comment_status":"open","ping_status":"closed","template":"","meta":[],"product_cat":[26],"product_tag":[],"class_list":{"0":"post-458","1":"product","2":"type-product","3":"status-publish","4":"has-post-thumbnail","6":"product_cat-bracelet","7":"product_shipping_class-standard","9":"first","10":"instock","11":"taxable","12":"shipping-taxable","13":"purchasable","14":"product-type-simple"},"_links":{"self":[{"href":"https:\/\/psbijouxaccessoires.fr\/index.php\/wp-json\/wp\/v2\/product\/458","targetHints":{"allow":["GET"]}}],"collection":[{"href":"https:\/\/psbijouxaccessoires.fr\/index.php\/wp-json\/wp\/v2\/product"}],"about":[{"href":"https:\/\/psbijouxaccessoires.fr\/index.php\/wp-json\/wp\/v2\/types\/product"}],"replies":[{"embeddable":true,"href":"https:\/\/psbijouxaccessoires.fr\/index.php\/wp-json\/wp\/v2\/comments?post=458"}],"wp:featuredmedia":[{"embeddable":true,"href":"https:\/\/psbijouxaccessoires.fr\/index.php\/wp-json\/wp\/v2\/media\/422"}],"wp:attachment":[{"href":"https:\/\/psbijouxaccessoires.fr\/index.php\/wp-json\/wp\/v2\/media?parent=458"}],"wp:term":[{"taxonomy":"product_cat","embeddable":true,"href":"https:\/\/psbijouxaccessoires.fr\/index.php\/wp-json\/wp\/v2\/product_cat?post=458"},{"taxonomy":"product_tag","embeddable":true,"href":"https:\/\/psbijouxaccessoires.fr\/index.php\/wp-json\/wp\/v2\/product_tag?post=458"}],"curies":[{"name":"wp","href":"https:\/\/api.w.org\/{rel}","templated":true}]}}