{"id":451,"date":"2024-01-30T15:53:56","date_gmt":"2024-01-30T14:53:56","guid":{"rendered":"https:\/\/psbijouxaccessoires.fr\/?post_type=product&#038;p=451"},"modified":"2024-01-30T16:00:48","modified_gmt":"2024-01-30T15:00:48","slug":"collier-argente-elegante-en-perle-swarovski-1p","status":"publish","type":"product","link":"https:\/\/psbijouxaccessoires.fr\/index.php\/produit\/collier-argente-elegante-en-perle-swarovski-1p\/","title":{"rendered":"Collier Argent\u00e9 El\u00e9gante En Perle Swarovski 1P"},"content":{"rendered":"<p>Collier Classique Ras du Cou en acier inoxydable, Cha\u00eeneargent\u00e9,\u00a0 Pendentif perles Ronde cr\u00e8me\u00a0 Swarovski 12mm. Taille 37cm, Cha\u00eenette extension 6cm<\/p>\n","protected":false},"excerpt":{"rendered":"<p>Collier Classique Ras du Cou en acier inoxydable, Cha\u00eeneargent\u00e9,\u00a0 Pendentif perles Ronde cr\u00e8me\u00a0 Swarovski 12mm. Taille 37cm, Cha\u00eenette extension 6cm<\/p>\n","protected":false},"featured_media":452,"comment_status":"open","ping_status":"closed","template":"","meta":[],"product_cat":[19,24],"product_tag":[],"class_list":{"0":"post-451","1":"product","2":"type-product","3":"status-publish","4":"has-post-thumbnail","6":"product_cat-bijou","7":"product_cat-collier","8":"product_shipping_class-standard","10":"first","11":"instock","12":"taxable","13":"shipping-taxable","14":"purchasable","15":"product-type-simple"},"_links":{"self":[{"href":"https:\/\/psbijouxaccessoires.fr\/index.php\/wp-json\/wp\/v2\/product\/451","targetHints":{"allow":["GET"]}}],"collection":[{"href":"https:\/\/psbijouxaccessoires.fr\/index.php\/wp-json\/wp\/v2\/product"}],"about":[{"href":"https:\/\/psbijouxaccessoires.fr\/index.php\/wp-json\/wp\/v2\/types\/product"}],"replies":[{"embeddable":true,"href":"https:\/\/psbijouxaccessoires.fr\/index.php\/wp-json\/wp\/v2\/comments?post=451"}],"wp:featuredmedia":[{"embeddable":true,"href":"https:\/\/psbijouxaccessoires.fr\/index.php\/wp-json\/wp\/v2\/media\/452"}],"wp:attachment":[{"href":"https:\/\/psbijouxaccessoires.fr\/index.php\/wp-json\/wp\/v2\/media?parent=451"}],"wp:term":[{"taxonomy":"product_cat","embeddable":true,"href":"https:\/\/psbijouxaccessoires.fr\/index.php\/wp-json\/wp\/v2\/product_cat?post=451"},{"taxonomy":"product_tag","embeddable":true,"href":"https:\/\/psbijouxaccessoires.fr\/index.php\/wp-json\/wp\/v2\/product_tag?post=451"}],"curies":[{"name":"wp","href":"https:\/\/api.w.org\/{rel}","templated":true}]}}