{"id":442,"date":"2024-01-30T13:53:56","date_gmt":"2024-01-30T12:53:56","guid":{"rendered":"https:\/\/psbijouxaccessoires.fr\/?post_type=product&#038;p=442"},"modified":"2024-01-30T14:17:24","modified_gmt":"2024-01-30T13:17:24","slug":"bracelet-sea","status":"publish","type":"product","link":"https:\/\/psbijouxaccessoires.fr\/index.php\/produit\/bracelet-sea\/","title":{"rendered":"Bracelet Coulissant The Sea"},"content":{"rendered":"<p>Bracelets\u00a0 r\u00e9glage, coulissant en Fils d&rsquo;or coton, cordon en macram\u00e9 \u00e0 n\u0153ud. Breloque Coquillage, Une Perle Swarovski, Un breloque \u00e9toile. Fait \u00e0 la main.<\/p>\n","protected":false},"excerpt":{"rendered":"<p>Bracelets\u00a0 r\u00e9glage, coulissant en Fils d&rsquo;or coton, cordon en macram\u00e9 \u00e0 n\u0153ud. Breloque Coquillage, Une Perle Swarovski, Un breloque \u00e9toile&#8230;.<\/p>\n","protected":false},"featured_media":410,"comment_status":"open","ping_status":"closed","template":"","meta":[],"product_cat":[26],"product_tag":[],"class_list":{"0":"post-442","1":"product","2":"type-product","3":"status-publish","4":"has-post-thumbnail","6":"product_cat-bracelet","7":"product_shipping_class-standard","9":"first","10":"instock","11":"taxable","12":"shipping-taxable","13":"purchasable","14":"product-type-simple"},"_links":{"self":[{"href":"https:\/\/psbijouxaccessoires.fr\/index.php\/wp-json\/wp\/v2\/product\/442","targetHints":{"allow":["GET"]}}],"collection":[{"href":"https:\/\/psbijouxaccessoires.fr\/index.php\/wp-json\/wp\/v2\/product"}],"about":[{"href":"https:\/\/psbijouxaccessoires.fr\/index.php\/wp-json\/wp\/v2\/types\/product"}],"replies":[{"embeddable":true,"href":"https:\/\/psbijouxaccessoires.fr\/index.php\/wp-json\/wp\/v2\/comments?post=442"}],"wp:featuredmedia":[{"embeddable":true,"href":"https:\/\/psbijouxaccessoires.fr\/index.php\/wp-json\/wp\/v2\/media\/410"}],"wp:attachment":[{"href":"https:\/\/psbijouxaccessoires.fr\/index.php\/wp-json\/wp\/v2\/media?parent=442"}],"wp:term":[{"taxonomy":"product_cat","embeddable":true,"href":"https:\/\/psbijouxaccessoires.fr\/index.php\/wp-json\/wp\/v2\/product_cat?post=442"},{"taxonomy":"product_tag","embeddable":true,"href":"https:\/\/psbijouxaccessoires.fr\/index.php\/wp-json\/wp\/v2\/product_tag?post=442"}],"curies":[{"name":"wp","href":"https:\/\/api.w.org\/{rel}","templated":true}]}}