{"id":438,"date":"2024-01-30T13:05:40","date_gmt":"2024-01-30T12:05:40","guid":{"rendered":"https:\/\/psbijouxaccessoires.fr\/?post_type=product&#038;p=438"},"modified":"2024-01-30T13:08:18","modified_gmt":"2024-01-30T12:08:18","slug":"collier-multi-satellites-ras-du-cou","status":"publish","type":"product","link":"https:\/\/psbijouxaccessoires.fr\/index.php\/produit\/collier-multi-satellites-ras-du-cou\/","title":{"rendered":"Collier Multi Satellites Ras Du Cou"},"content":{"rendered":"<p>Collier cha\u00eene en couleur champage, Perles Bic\u00f4ne marron en verre tch\u00e8que cristal \u00e0 la facette 6mm. Taille 37 et 54cm<\/p>\n","protected":false},"excerpt":{"rendered":"<p>Collier cha\u00eene en couleur champage, Perles Bic\u00f4ne marron en verre tch\u00e8que cristal \u00e0 la facette 6mm. Taille 37 et 54cm<\/p>\n","protected":false},"featured_media":402,"comment_status":"open","ping_status":"closed","template":"","meta":[],"product_cat":[24],"product_tag":[],"class_list":{"0":"post-438","1":"product","2":"type-product","3":"status-publish","4":"has-post-thumbnail","6":"product_cat-collier","8":"first","9":"instock","10":"taxable","11":"shipping-taxable","12":"purchasable","13":"product-type-simple"},"_links":{"self":[{"href":"https:\/\/psbijouxaccessoires.fr\/index.php\/wp-json\/wp\/v2\/product\/438","targetHints":{"allow":["GET"]}}],"collection":[{"href":"https:\/\/psbijouxaccessoires.fr\/index.php\/wp-json\/wp\/v2\/product"}],"about":[{"href":"https:\/\/psbijouxaccessoires.fr\/index.php\/wp-json\/wp\/v2\/types\/product"}],"replies":[{"embeddable":true,"href":"https:\/\/psbijouxaccessoires.fr\/index.php\/wp-json\/wp\/v2\/comments?post=438"}],"wp:featuredmedia":[{"embeddable":true,"href":"https:\/\/psbijouxaccessoires.fr\/index.php\/wp-json\/wp\/v2\/media\/402"}],"wp:attachment":[{"href":"https:\/\/psbijouxaccessoires.fr\/index.php\/wp-json\/wp\/v2\/media?parent=438"}],"wp:term":[{"taxonomy":"product_cat","embeddable":true,"href":"https:\/\/psbijouxaccessoires.fr\/index.php\/wp-json\/wp\/v2\/product_cat?post=438"},{"taxonomy":"product_tag","embeddable":true,"href":"https:\/\/psbijouxaccessoires.fr\/index.php\/wp-json\/wp\/v2\/product_tag?post=438"}],"curies":[{"name":"wp","href":"https:\/\/api.w.org\/{rel}","templated":true}]}}