{"id":351,"date":"2023-12-29T18:51:49","date_gmt":"2023-12-29T17:51:49","guid":{"rendered":"https:\/\/psbijouxaccessoires.fr\/?post_type=product&#038;p=351"},"modified":"2024-04-06T17:02:59","modified_gmt":"2024-04-06T15:02:59","slug":"bague-mi-lune-reglable-elegant-en-pierre-blanc-naturel","status":"publish","type":"product","link":"https:\/\/psbijouxaccessoires.fr\/index.php\/produit\/bague-mi-lune-reglable-elegant-en-pierre-blanc-naturel\/","title":{"rendered":"Bague Mi Lune R\u00e9glable El\u00e9gant En Pierre Blanc Naturel"},"content":{"rendered":"<p>Bague r\u00e9glable en acier inoxydable, Plaqu\u00e9 or, Pierre blanc naturel<\/p>\n","protected":false},"excerpt":{"rendered":"<p>Bague r\u00e9glable en acier inoxydable, Plaqu\u00e9 or, Pierre blanc naturel<\/p>\n","protected":false},"featured_media":432,"comment_status":"open","ping_status":"closed","template":"","meta":[],"product_cat":[20],"product_tag":[],"class_list":{"0":"post-351","1":"product","2":"type-product","3":"status-publish","4":"has-post-thumbnail","6":"product_cat-bague","7":"product_shipping_class-standard","9":"first","10":"instock","11":"taxable","12":"shipping-taxable","13":"purchasable","14":"product-type-simple"},"_links":{"self":[{"href":"https:\/\/psbijouxaccessoires.fr\/index.php\/wp-json\/wp\/v2\/product\/351","targetHints":{"allow":["GET"]}}],"collection":[{"href":"https:\/\/psbijouxaccessoires.fr\/index.php\/wp-json\/wp\/v2\/product"}],"about":[{"href":"https:\/\/psbijouxaccessoires.fr\/index.php\/wp-json\/wp\/v2\/types\/product"}],"replies":[{"embeddable":true,"href":"https:\/\/psbijouxaccessoires.fr\/index.php\/wp-json\/wp\/v2\/comments?post=351"}],"wp:featuredmedia":[{"embeddable":true,"href":"https:\/\/psbijouxaccessoires.fr\/index.php\/wp-json\/wp\/v2\/media\/432"}],"wp:attachment":[{"href":"https:\/\/psbijouxaccessoires.fr\/index.php\/wp-json\/wp\/v2\/media?parent=351"}],"wp:term":[{"taxonomy":"product_cat","embeddable":true,"href":"https:\/\/psbijouxaccessoires.fr\/index.php\/wp-json\/wp\/v2\/product_cat?post=351"},{"taxonomy":"product_tag","embeddable":true,"href":"https:\/\/psbijouxaccessoires.fr\/index.php\/wp-json\/wp\/v2\/product_tag?post=351"}],"curies":[{"name":"wp","href":"https:\/\/api.w.org\/{rel}","templated":true}]}}