{"id":346,"date":"2023-12-29T18:34:59","date_gmt":"2023-12-29T17:34:59","guid":{"rendered":"https:\/\/psbijouxaccessoires.fr\/?post_type=product&#038;p=346"},"modified":"2024-01-30T11:27:33","modified_gmt":"2024-01-30T10:27:33","slug":"bague-etoile","status":"publish","type":"product","link":"https:\/\/psbijouxaccessoires.fr\/index.php\/produit\/bague-etoile\/","title":{"rendered":"Bague Breloques Multi Perles"},"content":{"rendered":"<p>Anneau en Acier inoxydable, Breloque perle Swarovski, Goutte d&rsquo;eau en \u00e9mail rouge, Mini cha\u00eene plaqu\u00e9 or<\/p>\n","protected":false},"excerpt":{"rendered":"<p>Anneau en Acier inoxydable, Breloque perle Swarovski, Goutte d&rsquo;eau en \u00e9mail rouge, Mini cha\u00eene plaqu\u00e9 or<\/p>\n","protected":false},"featured_media":398,"comment_status":"open","ping_status":"closed","template":"","meta":[],"product_cat":[20],"product_tag":[],"class_list":{"0":"post-346","1":"product","2":"type-product","3":"status-publish","4":"has-post-thumbnail","6":"product_cat-bague","7":"product_shipping_class-standard","9":"first","10":"instock","11":"taxable","12":"shipping-taxable","13":"purchasable","14":"product-type-simple"},"_links":{"self":[{"href":"https:\/\/psbijouxaccessoires.fr\/index.php\/wp-json\/wp\/v2\/product\/346","targetHints":{"allow":["GET"]}}],"collection":[{"href":"https:\/\/psbijouxaccessoires.fr\/index.php\/wp-json\/wp\/v2\/product"}],"about":[{"href":"https:\/\/psbijouxaccessoires.fr\/index.php\/wp-json\/wp\/v2\/types\/product"}],"replies":[{"embeddable":true,"href":"https:\/\/psbijouxaccessoires.fr\/index.php\/wp-json\/wp\/v2\/comments?post=346"}],"wp:featuredmedia":[{"embeddable":true,"href":"https:\/\/psbijouxaccessoires.fr\/index.php\/wp-json\/wp\/v2\/media\/398"}],"wp:attachment":[{"href":"https:\/\/psbijouxaccessoires.fr\/index.php\/wp-json\/wp\/v2\/media?parent=346"}],"wp:term":[{"taxonomy":"product_cat","embeddable":true,"href":"https:\/\/psbijouxaccessoires.fr\/index.php\/wp-json\/wp\/v2\/product_cat?post=346"},{"taxonomy":"product_tag","embeddable":true,"href":"https:\/\/psbijouxaccessoires.fr\/index.php\/wp-json\/wp\/v2\/product_tag?post=346"}],"curies":[{"name":"wp","href":"https:\/\/api.w.org\/{rel}","templated":true}]}}