{"id":344,"date":"2023-12-29T18:28:11","date_gmt":"2023-12-29T17:28:11","guid":{"rendered":"https:\/\/psbijouxaccessoires.fr\/?post_type=product&#038;p=344"},"modified":"2024-01-20T17:37:28","modified_gmt":"2024-01-20T16:37:28","slug":"boucles-doreilles-amour-acetate-art-multi-colore","status":"publish","type":"product","link":"https:\/\/psbijouxaccessoires.fr\/index.php\/produit\/boucles-doreilles-amour-acetate-art-multi-colore\/","title":{"rendered":"Boucles D&rsquo;oreilles Amour Ac\u00e9tate Art Multi Colore"},"content":{"rendered":"<p>Boucles d&rsquo;oreille en ac\u00e9tate art multi colore. C\u0153ur Noir\u00a0 en Acrylique<\/p>\n","protected":false},"excerpt":{"rendered":"<p>Boucles d&rsquo;oreille en ac\u00e9tate art multi colore. C\u0153ur Noir\u00a0 en Acrylique<\/p>\n","protected":false},"featured_media":377,"comment_status":"open","ping_status":"closed","template":"","meta":[],"product_cat":[16],"product_tag":[],"class_list":{"0":"post-344","1":"product","2":"type-product","3":"status-publish","4":"has-post-thumbnail","6":"product_cat-boucle","8":"first","9":"instock","10":"taxable","11":"shipping-taxable","12":"purchasable","13":"product-type-simple"},"_links":{"self":[{"href":"https:\/\/psbijouxaccessoires.fr\/index.php\/wp-json\/wp\/v2\/product\/344","targetHints":{"allow":["GET"]}}],"collection":[{"href":"https:\/\/psbijouxaccessoires.fr\/index.php\/wp-json\/wp\/v2\/product"}],"about":[{"href":"https:\/\/psbijouxaccessoires.fr\/index.php\/wp-json\/wp\/v2\/types\/product"}],"replies":[{"embeddable":true,"href":"https:\/\/psbijouxaccessoires.fr\/index.php\/wp-json\/wp\/v2\/comments?post=344"}],"wp:featuredmedia":[{"embeddable":true,"href":"https:\/\/psbijouxaccessoires.fr\/index.php\/wp-json\/wp\/v2\/media\/377"}],"wp:attachment":[{"href":"https:\/\/psbijouxaccessoires.fr\/index.php\/wp-json\/wp\/v2\/media?parent=344"}],"wp:term":[{"taxonomy":"product_cat","embeddable":true,"href":"https:\/\/psbijouxaccessoires.fr\/index.php\/wp-json\/wp\/v2\/product_cat?post=344"},{"taxonomy":"product_tag","embeddable":true,"href":"https:\/\/psbijouxaccessoires.fr\/index.php\/wp-json\/wp\/v2\/product_tag?post=344"}],"curies":[{"name":"wp","href":"https:\/\/api.w.org\/{rel}","templated":true}]}}