{"id":342,"date":"2023-12-29T17:55:03","date_gmt":"2023-12-29T16:55:03","guid":{"rendered":"https:\/\/psbijouxaccessoires.fr\/?post_type=product&#038;p=342"},"modified":"2023-12-29T18:23:09","modified_gmt":"2023-12-29T17:23:09","slug":"boucles-doreilles-creole-argente-en-acetate-art-multi-colore","status":"publish","type":"product","link":"https:\/\/psbijouxaccessoires.fr\/index.php\/produit\/boucles-doreilles-creole-argente-en-acetate-art-multi-colore\/","title":{"rendered":"Boucles D&rsquo;oreilles Cr\u00e9ole Argent\u00e9 En Ac\u00e9tate Art Multi Colore"},"content":{"rendered":"<p>Boucles d&rsquo;oreille Cr\u00e9ole argent\u00e9 en ac\u00e9tate art multi colore, Mini Perles Swarovski<\/p>\n","protected":false},"excerpt":{"rendered":"<p>Boucles d&rsquo;oreille Cr\u00e9ole argent\u00e9 en ac\u00e9tate art multi colore, Mini Perles Swarovski<\/p>\n","protected":false},"featured_media":0,"comment_status":"open","ping_status":"closed","template":"","meta":[],"product_cat":[16],"product_tag":[],"class_list":{"0":"post-342","1":"product","2":"type-product","3":"status-publish","5":"product_cat-boucle","7":"first","8":"instock","9":"taxable","10":"shipping-taxable","11":"purchasable","12":"product-type-simple"},"_links":{"self":[{"href":"https:\/\/psbijouxaccessoires.fr\/index.php\/wp-json\/wp\/v2\/product\/342","targetHints":{"allow":["GET"]}}],"collection":[{"href":"https:\/\/psbijouxaccessoires.fr\/index.php\/wp-json\/wp\/v2\/product"}],"about":[{"href":"https:\/\/psbijouxaccessoires.fr\/index.php\/wp-json\/wp\/v2\/types\/product"}],"replies":[{"embeddable":true,"href":"https:\/\/psbijouxaccessoires.fr\/index.php\/wp-json\/wp\/v2\/comments?post=342"}],"wp:attachment":[{"href":"https:\/\/psbijouxaccessoires.fr\/index.php\/wp-json\/wp\/v2\/media?parent=342"}],"wp:term":[{"taxonomy":"product_cat","embeddable":true,"href":"https:\/\/psbijouxaccessoires.fr\/index.php\/wp-json\/wp\/v2\/product_cat?post=342"},{"taxonomy":"product_tag","embeddable":true,"href":"https:\/\/psbijouxaccessoires.fr\/index.php\/wp-json\/wp\/v2\/product_tag?post=342"}],"curies":[{"name":"wp","href":"https:\/\/api.w.org\/{rel}","templated":true}]}}