{"id":341,"date":"2023-12-29T17:42:44","date_gmt":"2023-12-29T16:42:44","guid":{"rendered":"https:\/\/psbijouxaccessoires.fr\/?post_type=product&#038;p=341"},"modified":"2024-01-20T17:33:32","modified_gmt":"2024-01-20T16:33:32","slug":"boucles-doreilles-tropic-art-pampille-en-chaine-plaque-or","status":"publish","type":"product","link":"https:\/\/psbijouxaccessoires.fr\/index.php\/produit\/boucles-doreilles-tropic-art-pampille-en-chaine-plaque-or\/","title":{"rendered":"Boucles D&rsquo;oreilles Tropic Art Pampille En cha\u00eene Plaqu\u00e9 Or"},"content":{"rendered":"<p>Boucles d&rsquo;oreille en ac\u00e9tate art multi colore, Perles Swarovski, Suspendu en Cha\u00eene Plaqu\u00e9 Or<\/p>\n","protected":false},"excerpt":{"rendered":"<p>Boucles d&rsquo;oreille en ac\u00e9tate art multi colore, Perles Swarovski, Suspendu en Cha\u00eene Plaqu\u00e9 Or<\/p>\n","protected":false},"featured_media":370,"comment_status":"open","ping_status":"closed","template":"","meta":[],"product_cat":[16],"product_tag":[],"class_list":{"0":"post-341","1":"product","2":"type-product","3":"status-publish","4":"has-post-thumbnail","6":"product_cat-boucle","8":"first","9":"instock","10":"taxable","11":"shipping-taxable","12":"purchasable","13":"product-type-simple"},"_links":{"self":[{"href":"https:\/\/psbijouxaccessoires.fr\/index.php\/wp-json\/wp\/v2\/product\/341","targetHints":{"allow":["GET"]}}],"collection":[{"href":"https:\/\/psbijouxaccessoires.fr\/index.php\/wp-json\/wp\/v2\/product"}],"about":[{"href":"https:\/\/psbijouxaccessoires.fr\/index.php\/wp-json\/wp\/v2\/types\/product"}],"replies":[{"embeddable":true,"href":"https:\/\/psbijouxaccessoires.fr\/index.php\/wp-json\/wp\/v2\/comments?post=341"}],"wp:featuredmedia":[{"embeddable":true,"href":"https:\/\/psbijouxaccessoires.fr\/index.php\/wp-json\/wp\/v2\/media\/370"}],"wp:attachment":[{"href":"https:\/\/psbijouxaccessoires.fr\/index.php\/wp-json\/wp\/v2\/media?parent=341"}],"wp:term":[{"taxonomy":"product_cat","embeddable":true,"href":"https:\/\/psbijouxaccessoires.fr\/index.php\/wp-json\/wp\/v2\/product_cat?post=341"},{"taxonomy":"product_tag","embeddable":true,"href":"https:\/\/psbijouxaccessoires.fr\/index.php\/wp-json\/wp\/v2\/product_tag?post=341"}],"curies":[{"name":"wp","href":"https:\/\/api.w.org\/{rel}","templated":true}]}}