{"id":336,"date":"2023-12-29T17:30:40","date_gmt":"2023-12-29T16:30:40","guid":{"rendered":"https:\/\/psbijouxaccessoires.fr\/?post_type=product&#038;p=336"},"modified":"2024-01-20T17:30:06","modified_gmt":"2024-01-20T16:30:06","slug":"boucles-doreilles-acetate-art-rose","status":"publish","type":"product","link":"https:\/\/psbijouxaccessoires.fr\/index.php\/produit\/boucles-doreilles-acetate-art-rose\/","title":{"rendered":"Boucles D&rsquo;oreilles Tropic Ac\u00e9tate Art Multi colore Ros\u00e9"},"content":{"rendered":"<p>Boucles d&rsquo;oreille plaqu\u00e9 or, Pendantes en ac\u00e9tate art multi colore, Mini Perles Swarovski<\/p>\n","protected":false},"excerpt":{"rendered":"<p>Boucles d&rsquo;oreille plaqu\u00e9 or, Pendantes en ac\u00e9tate art multi colore, Mini Perles Swarovski<\/p>\n","protected":false},"featured_media":362,"comment_status":"open","ping_status":"closed","template":"","meta":[],"product_cat":[16],"product_tag":[],"class_list":{"0":"post-336","1":"product","2":"type-product","3":"status-publish","4":"has-post-thumbnail","6":"product_cat-boucle","8":"first","9":"instock","10":"taxable","11":"shipping-taxable","12":"purchasable","13":"product-type-simple"},"_links":{"self":[{"href":"https:\/\/psbijouxaccessoires.fr\/index.php\/wp-json\/wp\/v2\/product\/336","targetHints":{"allow":["GET"]}}],"collection":[{"href":"https:\/\/psbijouxaccessoires.fr\/index.php\/wp-json\/wp\/v2\/product"}],"about":[{"href":"https:\/\/psbijouxaccessoires.fr\/index.php\/wp-json\/wp\/v2\/types\/product"}],"replies":[{"embeddable":true,"href":"https:\/\/psbijouxaccessoires.fr\/index.php\/wp-json\/wp\/v2\/comments?post=336"}],"wp:featuredmedia":[{"embeddable":true,"href":"https:\/\/psbijouxaccessoires.fr\/index.php\/wp-json\/wp\/v2\/media\/362"}],"wp:attachment":[{"href":"https:\/\/psbijouxaccessoires.fr\/index.php\/wp-json\/wp\/v2\/media?parent=336"}],"wp:term":[{"taxonomy":"product_cat","embeddable":true,"href":"https:\/\/psbijouxaccessoires.fr\/index.php\/wp-json\/wp\/v2\/product_cat?post=336"},{"taxonomy":"product_tag","embeddable":true,"href":"https:\/\/psbijouxaccessoires.fr\/index.php\/wp-json\/wp\/v2\/product_tag?post=336"}],"curies":[{"name":"wp","href":"https:\/\/api.w.org\/{rel}","templated":true}]}}