{"id":310,"date":"2023-12-28T15:28:28","date_gmt":"2023-12-28T14:28:28","guid":{"rendered":"https:\/\/psbijouxaccessoires.fr\/?post_type=product&#038;p=310"},"modified":"2024-01-20T18:25:41","modified_gmt":"2024-01-20T17:25:41","slug":"boucles-doreilles-creole-en-perles-swarovski","status":"publish","type":"product","link":"https:\/\/psbijouxaccessoires.fr\/index.php\/produit\/boucles-doreilles-creole-en-perles-swarovski\/","title":{"rendered":"Boucles D&rsquo;oreilles Cr\u00e9ole En Perles Swarovski"},"content":{"rendered":"<p>Cr\u00e9oles en perles de Swarovski en couleur cr\u00e8me et marron transparent. Taille 10mm, 6mm. Fait \u00e0 la main en faisant avec un Fil de perle. Largeur 4cm, Longueur 5cm<\/p>\n","protected":false},"excerpt":{"rendered":"<p>Cr\u00e9oles en perles de Swarovski en couleur cr\u00e8me et marron transparent. Taille 10mm, 6mm. Fait \u00e0 la main en faisant&#8230;<\/p>\n","protected":false},"featured_media":395,"comment_status":"open","ping_status":"closed","template":"","meta":[],"product_cat":[16],"product_tag":[],"class_list":{"0":"post-310","1":"product","2":"type-product","3":"status-publish","4":"has-post-thumbnail","6":"product_cat-boucle","7":"product_shipping_class-standard","9":"first","10":"instock","11":"taxable","12":"shipping-taxable","13":"purchasable","14":"product-type-simple"},"_links":{"self":[{"href":"https:\/\/psbijouxaccessoires.fr\/index.php\/wp-json\/wp\/v2\/product\/310","targetHints":{"allow":["GET"]}}],"collection":[{"href":"https:\/\/psbijouxaccessoires.fr\/index.php\/wp-json\/wp\/v2\/product"}],"about":[{"href":"https:\/\/psbijouxaccessoires.fr\/index.php\/wp-json\/wp\/v2\/types\/product"}],"replies":[{"embeddable":true,"href":"https:\/\/psbijouxaccessoires.fr\/index.php\/wp-json\/wp\/v2\/comments?post=310"}],"wp:featuredmedia":[{"embeddable":true,"href":"https:\/\/psbijouxaccessoires.fr\/index.php\/wp-json\/wp\/v2\/media\/395"}],"wp:attachment":[{"href":"https:\/\/psbijouxaccessoires.fr\/index.php\/wp-json\/wp\/v2\/media?parent=310"}],"wp:term":[{"taxonomy":"product_cat","embeddable":true,"href":"https:\/\/psbijouxaccessoires.fr\/index.php\/wp-json\/wp\/v2\/product_cat?post=310"},{"taxonomy":"product_tag","embeddable":true,"href":"https:\/\/psbijouxaccessoires.fr\/index.php\/wp-json\/wp\/v2\/product_tag?post=310"}],"curies":[{"name":"wp","href":"https:\/\/api.w.org\/{rel}","templated":true}]}}