{"id":290,"date":"2023-12-27T16:48:01","date_gmt":"2023-12-27T15:48:01","guid":{"rendered":"https:\/\/psbijouxaccessoires.fr\/?post_type=product&#038;p=290"},"modified":"2023-12-27T17:07:08","modified_gmt":"2023-12-27T16:07:08","slug":"collier-elegante-en-perle-blanc-naturel","status":"publish","type":"product","link":"https:\/\/psbijouxaccessoires.fr\/index.php\/produit\/collier-elegante-en-perle-blanc-naturel\/","title":{"rendered":"Collier El\u00e9gante En Perle Blanc Naturel"},"content":{"rendered":"<p>Collier Classique en acier inoxydable, Cha\u00eene argent\u00e9,\u00a0 Pendentif perles blanc naturel 10mm, perles transparent 5mm. Taille 37cm, Cha\u00eenette extension 5cm<\/p>\n","protected":false},"excerpt":{"rendered":"<p>Collier Classique en acier inoxydable, Cha\u00eene argent\u00e9,\u00a0 Pendentif perles blanc naturel 10mm, perles transparent 5mm. Taille 37cm, Cha\u00eenette extension 5cm<\/p>\n","protected":false},"featured_media":292,"comment_status":"open","ping_status":"closed","template":"","meta":[],"product_cat":[19,24],"product_tag":[],"class_list":{"0":"post-290","1":"product","2":"type-product","3":"status-publish","4":"has-post-thumbnail","6":"product_cat-bijou","7":"product_cat-collier","8":"product_shipping_class-standard","10":"first","11":"instock","12":"taxable","13":"shipping-taxable","14":"purchasable","15":"product-type-simple"},"_links":{"self":[{"href":"https:\/\/psbijouxaccessoires.fr\/index.php\/wp-json\/wp\/v2\/product\/290","targetHints":{"allow":["GET"]}}],"collection":[{"href":"https:\/\/psbijouxaccessoires.fr\/index.php\/wp-json\/wp\/v2\/product"}],"about":[{"href":"https:\/\/psbijouxaccessoires.fr\/index.php\/wp-json\/wp\/v2\/types\/product"}],"replies":[{"embeddable":true,"href":"https:\/\/psbijouxaccessoires.fr\/index.php\/wp-json\/wp\/v2\/comments?post=290"}],"wp:featuredmedia":[{"embeddable":true,"href":"https:\/\/psbijouxaccessoires.fr\/index.php\/wp-json\/wp\/v2\/media\/292"}],"wp:attachment":[{"href":"https:\/\/psbijouxaccessoires.fr\/index.php\/wp-json\/wp\/v2\/media?parent=290"}],"wp:term":[{"taxonomy":"product_cat","embeddable":true,"href":"https:\/\/psbijouxaccessoires.fr\/index.php\/wp-json\/wp\/v2\/product_cat?post=290"},{"taxonomy":"product_tag","embeddable":true,"href":"https:\/\/psbijouxaccessoires.fr\/index.php\/wp-json\/wp\/v2\/product_tag?post=290"}],"curies":[{"name":"wp","href":"https:\/\/api.w.org\/{rel}","templated":true}]}}