{"id":273,"date":"2023-12-27T15:38:59","date_gmt":"2023-12-27T14:38:59","guid":{"rendered":"https:\/\/psbijouxaccessoires.fr\/?post_type=product&#038;p=273"},"modified":"2023-12-27T15:47:49","modified_gmt":"2023-12-27T14:47:49","slug":"collier-elegante-en-perle-violet1pv","status":"publish","type":"product","link":"https:\/\/psbijouxaccessoires.fr\/index.php\/produit\/collier-elegante-en-perle-violet1pv\/","title":{"rendered":"Collier El\u00e9gante En Perle Violet1PV"},"content":{"rendered":"<p>Collier Classique Ras du Cou en acier inoxydable, Cha\u00eene argent\u00e9,\u00a0 Pendentif perles Ronde violet\u00a0 transparente 7mm. Taille 32cm, Cha\u00eenette extension 5cm<\/p>\n","protected":false},"excerpt":{"rendered":"<p>Collier Classique Ras du Cou en acier inoxydable, Cha\u00eene argent\u00e9,\u00a0 Pendentif perles Ronde violet\u00a0 transparente 7mm. Taille 32cm, Cha\u00eenette extension&#8230;<\/p>\n","protected":false},"featured_media":275,"comment_status":"open","ping_status":"closed","template":"","meta":[],"product_cat":[19,24],"product_tag":[],"class_list":{"0":"post-273","1":"product","2":"type-product","3":"status-publish","4":"has-post-thumbnail","6":"product_cat-bijou","7":"product_cat-collier","8":"product_shipping_class-standard","10":"first","11":"instock","12":"taxable","13":"shipping-taxable","14":"purchasable","15":"product-type-simple"},"_links":{"self":[{"href":"https:\/\/psbijouxaccessoires.fr\/index.php\/wp-json\/wp\/v2\/product\/273","targetHints":{"allow":["GET"]}}],"collection":[{"href":"https:\/\/psbijouxaccessoires.fr\/index.php\/wp-json\/wp\/v2\/product"}],"about":[{"href":"https:\/\/psbijouxaccessoires.fr\/index.php\/wp-json\/wp\/v2\/types\/product"}],"replies":[{"embeddable":true,"href":"https:\/\/psbijouxaccessoires.fr\/index.php\/wp-json\/wp\/v2\/comments?post=273"}],"wp:featuredmedia":[{"embeddable":true,"href":"https:\/\/psbijouxaccessoires.fr\/index.php\/wp-json\/wp\/v2\/media\/275"}],"wp:attachment":[{"href":"https:\/\/psbijouxaccessoires.fr\/index.php\/wp-json\/wp\/v2\/media?parent=273"}],"wp:term":[{"taxonomy":"product_cat","embeddable":true,"href":"https:\/\/psbijouxaccessoires.fr\/index.php\/wp-json\/wp\/v2\/product_cat?post=273"},{"taxonomy":"product_tag","embeddable":true,"href":"https:\/\/psbijouxaccessoires.fr\/index.php\/wp-json\/wp\/v2\/product_tag?post=273"}],"curies":[{"name":"wp","href":"https:\/\/api.w.org\/{rel}","templated":true}]}}