{"id":231,"date":"2023-12-27T11:07:12","date_gmt":"2023-12-27T10:07:12","guid":{"rendered":"https:\/\/psbijouxaccessoires.fr\/?post_type=product&#038;p=231"},"modified":"2023-12-27T11:07:12","modified_gmt":"2023-12-27T10:07:12","slug":"collier-perles-en-verre-tcheque","status":"publish","type":"product","link":"https:\/\/psbijouxaccessoires.fr\/index.php\/produit\/collier-perles-en-verre-tcheque\/","title":{"rendered":"Collier Perles En Verre Tch\u00e8que"},"content":{"rendered":"<p>Collier en perles de verre tch\u00e8que en Violet, Enroul\u00e9 en cha\u00eene argent\u00e9 et accompagner avec des perles en pierre. Taille 41cm, Cha\u00eenette extension 5cm<\/p>\n","protected":false},"excerpt":{"rendered":"<p>Collier en perles de verre tch\u00e8que en Violet, Enroul\u00e9 en cha\u00eene argent\u00e9 et accompagner avec des perles en pierre. Taille&#8230;<\/p>\n","protected":false},"featured_media":233,"comment_status":"open","ping_status":"closed","template":"","meta":[],"product_cat":[16],"product_tag":[],"class_list":{"0":"post-231","1":"product","2":"type-product","3":"status-publish","4":"has-post-thumbnail","6":"product_cat-boucle","7":"product_shipping_class-standard","9":"first","10":"instock","11":"taxable","12":"shipping-taxable","13":"purchasable","14":"product-type-simple"},"_links":{"self":[{"href":"https:\/\/psbijouxaccessoires.fr\/index.php\/wp-json\/wp\/v2\/product\/231","targetHints":{"allow":["GET"]}}],"collection":[{"href":"https:\/\/psbijouxaccessoires.fr\/index.php\/wp-json\/wp\/v2\/product"}],"about":[{"href":"https:\/\/psbijouxaccessoires.fr\/index.php\/wp-json\/wp\/v2\/types\/product"}],"replies":[{"embeddable":true,"href":"https:\/\/psbijouxaccessoires.fr\/index.php\/wp-json\/wp\/v2\/comments?post=231"}],"wp:featuredmedia":[{"embeddable":true,"href":"https:\/\/psbijouxaccessoires.fr\/index.php\/wp-json\/wp\/v2\/media\/233"}],"wp:attachment":[{"href":"https:\/\/psbijouxaccessoires.fr\/index.php\/wp-json\/wp\/v2\/media?parent=231"}],"wp:term":[{"taxonomy":"product_cat","embeddable":true,"href":"https:\/\/psbijouxaccessoires.fr\/index.php\/wp-json\/wp\/v2\/product_cat?post=231"},{"taxonomy":"product_tag","embeddable":true,"href":"https:\/\/psbijouxaccessoires.fr\/index.php\/wp-json\/wp\/v2\/product_tag?post=231"}],"curies":[{"name":"wp","href":"https:\/\/api.w.org\/{rel}","templated":true}]}}