{"id":225,"date":"2023-12-27T10:28:33","date_gmt":"2023-12-27T09:28:33","guid":{"rendered":"https:\/\/psbijouxaccessoires.fr\/?post_type=product&#038;p=225"},"modified":"2023-12-27T10:37:05","modified_gmt":"2023-12-27T09:37:05","slug":"collier-etoile-perle-2","status":"publish","type":"product","link":"https:\/\/psbijouxaccessoires.fr\/index.php\/produit\/collier-etoile-perle-2\/","title":{"rendered":"Collier Etoil\u00e9 Perl\u00e9"},"content":{"rendered":"<p>Cha\u00eene argent\u00e9, une perle Swarovski. Taille 42cm<\/p>\n","protected":false},"excerpt":{"rendered":"<p>Cha\u00eene argent\u00e9, une perle Swarovski. Taille 42cm<\/p>\n","protected":false},"featured_media":227,"comment_status":"open","ping_status":"closed","template":"","meta":[],"product_cat":[16,19],"product_tag":[],"class_list":{"0":"post-225","1":"product","2":"type-product","3":"status-publish","4":"has-post-thumbnail","6":"product_cat-boucle","7":"product_cat-bijou","8":"product_shipping_class-standard","10":"first","11":"instock","12":"taxable","13":"shipping-taxable","14":"purchasable","15":"product-type-simple"},"_links":{"self":[{"href":"https:\/\/psbijouxaccessoires.fr\/index.php\/wp-json\/wp\/v2\/product\/225","targetHints":{"allow":["GET"]}}],"collection":[{"href":"https:\/\/psbijouxaccessoires.fr\/index.php\/wp-json\/wp\/v2\/product"}],"about":[{"href":"https:\/\/psbijouxaccessoires.fr\/index.php\/wp-json\/wp\/v2\/types\/product"}],"replies":[{"embeddable":true,"href":"https:\/\/psbijouxaccessoires.fr\/index.php\/wp-json\/wp\/v2\/comments?post=225"}],"wp:featuredmedia":[{"embeddable":true,"href":"https:\/\/psbijouxaccessoires.fr\/index.php\/wp-json\/wp\/v2\/media\/227"}],"wp:attachment":[{"href":"https:\/\/psbijouxaccessoires.fr\/index.php\/wp-json\/wp\/v2\/media?parent=225"}],"wp:term":[{"taxonomy":"product_cat","embeddable":true,"href":"https:\/\/psbijouxaccessoires.fr\/index.php\/wp-json\/wp\/v2\/product_cat?post=225"},{"taxonomy":"product_tag","embeddable":true,"href":"https:\/\/psbijouxaccessoires.fr\/index.php\/wp-json\/wp\/v2\/product_tag?post=225"}],"curies":[{"name":"wp","href":"https:\/\/api.w.org\/{rel}","templated":true}]}}