{"id":173,"date":"2023-12-22T17:31:36","date_gmt":"2023-12-22T16:31:36","guid":{"rendered":"https:\/\/psbijouxaccessoires.fr\/?post_type=product&#038;p=173"},"modified":"2023-12-26T09:44:48","modified_gmt":"2023-12-26T08:44:48","slug":"collier-soiree-perles-swarovski-2","status":"publish","type":"product","link":"https:\/\/psbijouxaccessoires.fr\/index.php\/produit\/collier-soiree-perles-swarovski-2\/","title":{"rendered":"Collier Soir\u00e9e Perles Swarovski"},"content":{"rendered":"<p>Parfait pour les \u00e9v\u00e8nementiels, Elle brille de mille \u00e9clats avec ce magnifique cha\u00eene\u00a0 enroul\u00e9 tress\u00e9 avec les perles Swarovski Cristal cr\u00e8me. Taille 40cm, cha\u00eenette extension 9cm<\/p>\n","protected":false},"excerpt":{"rendered":"<p>Parfait pour les \u00e9v\u00e8nementiels, Elle brille de mille \u00e9clats avec ce magnifique cha\u00eene\u00a0 enroul\u00e9 tress\u00e9 avec les perles Swarovski Cristal&#8230;<\/p>\n","protected":false},"featured_media":176,"comment_status":"open","ping_status":"closed","template":"","meta":[],"product_cat":[19],"product_tag":[],"class_list":{"0":"post-173","1":"product","2":"type-product","3":"status-publish","4":"has-post-thumbnail","6":"product_cat-bijou","7":"product_shipping_class-colissimo","9":"first","10":"instock","11":"taxable","12":"shipping-taxable","13":"purchasable","14":"product-type-simple"},"_links":{"self":[{"href":"https:\/\/psbijouxaccessoires.fr\/index.php\/wp-json\/wp\/v2\/product\/173","targetHints":{"allow":["GET"]}}],"collection":[{"href":"https:\/\/psbijouxaccessoires.fr\/index.php\/wp-json\/wp\/v2\/product"}],"about":[{"href":"https:\/\/psbijouxaccessoires.fr\/index.php\/wp-json\/wp\/v2\/types\/product"}],"replies":[{"embeddable":true,"href":"https:\/\/psbijouxaccessoires.fr\/index.php\/wp-json\/wp\/v2\/comments?post=173"}],"wp:featuredmedia":[{"embeddable":true,"href":"https:\/\/psbijouxaccessoires.fr\/index.php\/wp-json\/wp\/v2\/media\/176"}],"wp:attachment":[{"href":"https:\/\/psbijouxaccessoires.fr\/index.php\/wp-json\/wp\/v2\/media?parent=173"}],"wp:term":[{"taxonomy":"product_cat","embeddable":true,"href":"https:\/\/psbijouxaccessoires.fr\/index.php\/wp-json\/wp\/v2\/product_cat?post=173"},{"taxonomy":"product_tag","embeddable":true,"href":"https:\/\/psbijouxaccessoires.fr\/index.php\/wp-json\/wp\/v2\/product_tag?post=173"}],"curies":[{"name":"wp","href":"https:\/\/api.w.org\/{rel}","templated":true}]}}