{"id":163,"date":"2024-01-30T15:49:40","date_gmt":"2024-01-30T14:49:40","guid":{"rendered":"https:\/\/psbijouxaccessoires.fr\/?post_type=product&#038;p=163"},"modified":"2024-01-30T15:49:40","modified_gmt":"2024-01-30T14:49:40","slug":"bracelets-perles-swarovski-en-gouttes-deau","status":"publish","type":"product","link":"https:\/\/psbijouxaccessoires.fr\/index.php\/produit\/bracelets-perles-swarovski-en-gouttes-deau\/","title":{"rendered":"Bracelets Perles Swarovski En Gouttes D&rsquo;eau"},"content":{"rendered":"<p>Bracelets doubles cha\u00eenes en plaqu\u00e9 or, pendentif en perles Swarovski( cr\u00e8me et transparente) gouttes d&rsquo;eau, Chaine plaqu\u00e9 or. Taille 14cm, chainette extension 3cm<\/p>\n","protected":false},"excerpt":{"rendered":"<p>Bracelets doubles cha\u00eenes en plaqu\u00e9 or, pendentif en perles Swarovski( cr\u00e8me et transparente) gouttes d&rsquo;eau, Chaine plaqu\u00e9 or. Taille 14cm,&#8230;<\/p>\n","protected":false},"featured_media":421,"comment_status":"open","ping_status":"closed","template":"","meta":[],"product_cat":[16,26],"product_tag":[],"class_list":{"0":"post-163","1":"product","2":"type-product","3":"status-publish","4":"has-post-thumbnail","6":"product_cat-boucle","7":"product_cat-bracelet","8":"product_shipping_class-standard","10":"first","11":"instock","12":"taxable","13":"shipping-taxable","14":"purchasable","15":"product-type-simple"},"_links":{"self":[{"href":"https:\/\/psbijouxaccessoires.fr\/index.php\/wp-json\/wp\/v2\/product\/163","targetHints":{"allow":["GET"]}}],"collection":[{"href":"https:\/\/psbijouxaccessoires.fr\/index.php\/wp-json\/wp\/v2\/product"}],"about":[{"href":"https:\/\/psbijouxaccessoires.fr\/index.php\/wp-json\/wp\/v2\/types\/product"}],"replies":[{"embeddable":true,"href":"https:\/\/psbijouxaccessoires.fr\/index.php\/wp-json\/wp\/v2\/comments?post=163"}],"wp:featuredmedia":[{"embeddable":true,"href":"https:\/\/psbijouxaccessoires.fr\/index.php\/wp-json\/wp\/v2\/media\/421"}],"wp:attachment":[{"href":"https:\/\/psbijouxaccessoires.fr\/index.php\/wp-json\/wp\/v2\/media?parent=163"}],"wp:term":[{"taxonomy":"product_cat","embeddable":true,"href":"https:\/\/psbijouxaccessoires.fr\/index.php\/wp-json\/wp\/v2\/product_cat?post=163"},{"taxonomy":"product_tag","embeddable":true,"href":"https:\/\/psbijouxaccessoires.fr\/index.php\/wp-json\/wp\/v2\/product_tag?post=163"}],"curies":[{"name":"wp","href":"https:\/\/api.w.org\/{rel}","templated":true}]}}