{"id":148,"date":"2023-12-21T17:51:25","date_gmt":"2023-12-21T16:51:25","guid":{"rendered":"https:\/\/psbijouxaccessoires.fr\/?post_type=product&#038;p=148"},"modified":"2023-12-21T18:17:13","modified_gmt":"2023-12-21T17:17:13","slug":"collier-de-perles-swarovski-cristaux-blanc-enroule-tresse","status":"publish","type":"product","link":"https:\/\/psbijouxaccessoires.fr\/index.php\/produit\/collier-de-perles-swarovski-cristaux-blanc-enroule-tresse\/","title":{"rendered":"Collier De Perles Swarovski Cristaux Blanc Enroul\u00e9 Tress\u00e9 En Cha\u00eene Dor\u00e9"},"content":{"rendered":"<p>Collier Perles Swarovski Cristaux Blanc enroul\u00e9 tress\u00e9 avec chaines . Collier Ras-Du-Cou de chaine. Taille collier 35 cm avec cha\u00eenette extension 5cm. Poids 90g. Taille Perles 4mm et 10mm.<\/p>\n","protected":false},"excerpt":{"rendered":"<p>Collier Perles Swarovski Cristaux Blanc enroul\u00e9 tress\u00e9 avec chaines . Collier Ras-Du-Cou de chaine. Taille collier 35 cm avec cha\u00eenette&#8230;<\/p>\n","protected":false},"featured_media":149,"comment_status":"open","ping_status":"closed","template":"","meta":[],"product_cat":[16,19],"product_tag":[],"class_list":{"0":"post-148","1":"product","2":"type-product","3":"status-publish","4":"has-post-thumbnail","6":"product_cat-boucle","7":"product_cat-bijou","8":"product_shipping_class-colissimo","10":"first","11":"instock","12":"purchasable","13":"product-type-simple"},"_links":{"self":[{"href":"https:\/\/psbijouxaccessoires.fr\/index.php\/wp-json\/wp\/v2\/product\/148","targetHints":{"allow":["GET"]}}],"collection":[{"href":"https:\/\/psbijouxaccessoires.fr\/index.php\/wp-json\/wp\/v2\/product"}],"about":[{"href":"https:\/\/psbijouxaccessoires.fr\/index.php\/wp-json\/wp\/v2\/types\/product"}],"replies":[{"embeddable":true,"href":"https:\/\/psbijouxaccessoires.fr\/index.php\/wp-json\/wp\/v2\/comments?post=148"}],"wp:featuredmedia":[{"embeddable":true,"href":"https:\/\/psbijouxaccessoires.fr\/index.php\/wp-json\/wp\/v2\/media\/149"}],"wp:attachment":[{"href":"https:\/\/psbijouxaccessoires.fr\/index.php\/wp-json\/wp\/v2\/media?parent=148"}],"wp:term":[{"taxonomy":"product_cat","embeddable":true,"href":"https:\/\/psbijouxaccessoires.fr\/index.php\/wp-json\/wp\/v2\/product_cat?post=148"},{"taxonomy":"product_tag","embeddable":true,"href":"https:\/\/psbijouxaccessoires.fr\/index.php\/wp-json\/wp\/v2\/product_tag?post=148"}],"curies":[{"name":"wp","href":"https:\/\/api.w.org\/{rel}","templated":true}]}}