{"id":138,"date":"2023-12-21T14:53:19","date_gmt":"2023-12-21T13:53:19","guid":{"rendered":"https:\/\/psbijouxaccessoires.fr\/?post_type=product&#038;p=138"},"modified":"2023-12-21T14:53:19","modified_gmt":"2023-12-21T13:53:19","slug":"collier-tresse-de-perles-swarovski","status":"publish","type":"product","link":"https:\/\/psbijouxaccessoires.fr\/index.php\/produit\/collier-tresse-de-perles-swarovski\/","title":{"rendered":"Collier Tress\u00e9 de Perles Swarovski"},"content":{"rendered":"<p>Collier soir\u00e9e, Elle brille de mille \u00e9clats avec ce magnifique cha\u00eene qui entourne avec des perles Swarovski Cristal Cr\u00e8me.<\/p>\n","protected":false},"excerpt":{"rendered":"<p>Collier soir\u00e9e, Elle brille de mille \u00e9clats avec ce magnifique cha\u00eene qui entourne avec des perles Swarovski Cristal Cr\u00e8me.<\/p>\n","protected":false},"featured_media":140,"comment_status":"open","ping_status":"closed","template":"","meta":[],"product_cat":[19,24],"product_tag":[],"class_list":{"0":"post-138","1":"product","2":"type-product","3":"status-publish","4":"has-post-thumbnail","6":"product_cat-bijou","7":"product_cat-collier","9":"first","10":"instock","11":"taxable","12":"shipping-taxable","13":"purchasable","14":"product-type-simple"},"_links":{"self":[{"href":"https:\/\/psbijouxaccessoires.fr\/index.php\/wp-json\/wp\/v2\/product\/138","targetHints":{"allow":["GET"]}}],"collection":[{"href":"https:\/\/psbijouxaccessoires.fr\/index.php\/wp-json\/wp\/v2\/product"}],"about":[{"href":"https:\/\/psbijouxaccessoires.fr\/index.php\/wp-json\/wp\/v2\/types\/product"}],"replies":[{"embeddable":true,"href":"https:\/\/psbijouxaccessoires.fr\/index.php\/wp-json\/wp\/v2\/comments?post=138"}],"wp:featuredmedia":[{"embeddable":true,"href":"https:\/\/psbijouxaccessoires.fr\/index.php\/wp-json\/wp\/v2\/media\/140"}],"wp:attachment":[{"href":"https:\/\/psbijouxaccessoires.fr\/index.php\/wp-json\/wp\/v2\/media?parent=138"}],"wp:term":[{"taxonomy":"product_cat","embeddable":true,"href":"https:\/\/psbijouxaccessoires.fr\/index.php\/wp-json\/wp\/v2\/product_cat?post=138"},{"taxonomy":"product_tag","embeddable":true,"href":"https:\/\/psbijouxaccessoires.fr\/index.php\/wp-json\/wp\/v2\/product_tag?post=138"}],"curies":[{"name":"wp","href":"https:\/\/api.w.org\/{rel}","templated":true}]}}